{"id":17,"date":"2023-10-23T10:33:05","date_gmt":"2023-10-23T08:33:05","guid":{"rendered":"http:\/\/conseguido.es\/?page_id=17"},"modified":"2023-11-14T11:51:02","modified_gmt":"2023-11-14T10:51:02","slug":"ilustraciones","status":"publish","type":"page","link":"https:\/\/conseguido.es\/index.php\/ilustraciones\/","title":{"rendered":"Ilustraciones"},"content":{"rendered":"\t\t<div data-elementor-type=\"wp-page\" data-elementor-id=\"17\" class=\"elementor elementor-17\" data-elementor-post-type=\"page\">\n\t\t\t\t<div class=\"elementor-element elementor-element-6353453 e-flex e-con-boxed e-con e-parent\" data-id=\"6353453\" data-element_type=\"container\" data-e-type=\"container\">\n\t\t\t\t\t<div class=\"e-con-inner\">\n\t\t\t\t<div class=\"elementor-element elementor-element-d449727 elementor-widget elementor-widget-spacer\" data-id=\"d449727\" data-element_type=\"widget\" data-e-type=\"widget\" data-widget_type=\"spacer.default\">\n\t\t\t\t<div class=\"elementor-widget-container\">\n\t\t\t\t\t\t\t<div class=\"elementor-spacer\">\n\t\t\t<div class=\"elementor-spacer-inner\"><\/div>\n\t\t<\/div>\n\t\t\t\t\t\t<\/div>\n\t\t\t\t<\/div>\n\t\t\t\t<div class=\"elementor-element elementor-element-94e4fcb elementor-widget elementor-widget-heading\" data-id=\"94e4fcb\" data-element_type=\"widget\" data-e-type=\"widget\" data-widget_type=\"heading.default\">\n\t\t\t\t<div class=\"elementor-widget-container\">\n\t\t\t\t\t<h2 class=\"elementor-heading-title elementor-size-default\">Petici\u00f3n de Ilustraciones<\/h2>\t\t\t\t<\/div>\n\t\t\t\t<\/div>\n\t\t\t\t<div class=\"elementor-element elementor-element-08b5ff9 elementor-widget elementor-widget-spacer\" data-id=\"08b5ff9\" data-element_type=\"widget\" data-e-type=\"widget\" data-widget_type=\"spacer.default\">\n\t\t\t\t<div class=\"elementor-widget-container\">\n\t\t\t\t\t\t\t<div class=\"elementor-spacer\">\n\t\t\t<div class=\"elementor-spacer-inner\"><\/div>\n\t\t<\/div>\n\t\t\t\t\t\t<\/div>\n\t\t\t\t<\/div>\n\t\t\t\t\t<\/div>\n\t\t\t\t<\/div>\n\t\t<div class=\"elementor-element elementor-element-b9dd8a7 e-flex e-con-boxed e-con e-parent\" data-id=\"b9dd8a7\" data-element_type=\"container\" data-e-type=\"container\">\n\t\t\t\t\t<div class=\"e-con-inner\">\n\t\t<div class=\"elementor-element elementor-element-84b5048 e-con-full e-flex e-con e-child\" data-id=\"84b5048\" data-element_type=\"container\" data-e-type=\"container\">\n\t\t\t\t<div class=\"elementor-element elementor-element-41f6ece elementor-widget elementor-widget-spacer\" data-id=\"41f6ece\" data-element_type=\"widget\" data-e-type=\"widget\" data-widget_type=\"spacer.default\">\n\t\t\t\t<div class=\"elementor-widget-container\">\n\t\t\t\t\t\t\t<div class=\"elementor-spacer\">\n\t\t\t<div class=\"elementor-spacer-inner\"><\/div>\n\t\t<\/div>\n\t\t\t\t\t\t<\/div>\n\t\t\t\t<\/div>\n\t\t\t\t<\/div>\n\t\t<div class=\"elementor-element elementor-element-406ce4f e-con-full e-flex e-con e-child\" data-id=\"406ce4f\" data-element_type=\"container\" data-e-type=\"container\">\n\t\t\t\t<div class=\"elementor-element elementor-element-feff2a7 elementor-widget elementor-widget-spacer\" data-id=\"feff2a7\" data-element_type=\"widget\" data-e-type=\"widget\" data-widget_type=\"spacer.default\">\n\t\t\t\t<div class=\"elementor-widget-container\">\n\t\t\t\t\t\t\t<div class=\"elementor-spacer\">\n\t\t\t<div class=\"elementor-spacer-inner\"><\/div>\n\t\t<\/div>\n\t\t\t\t\t\t<\/div>\n\t\t\t\t<\/div>\n\t\t\t\t<div class=\"elementor-element elementor-element-927c565 elementor-widget elementor-widget-image\" data-id=\"927c565\" data-element_type=\"widget\" data-e-type=\"widget\" data-widget_type=\"image.default\">\n\t\t\t\t<div class=\"elementor-widget-container\">\n\t\t\t\t\t\t\t\t\t\t\t\t\t\t\t<img fetchpriority=\"high\" decoding=\"async\" width=\"381\" height=\"275\" src=\"https:\/\/conseguido.es\/wp-content\/uploads\/2023\/11\/ilustracion-3-3-ma.png\" class=\"attachment-large size-large wp-image-982\" alt=\"\" srcset=\"https:\/\/conseguido.es\/wp-content\/uploads\/2023\/11\/ilustracion-3-3-ma.png 381w, https:\/\/conseguido.es\/wp-content\/uploads\/2023\/11\/ilustracion-3-3-ma-300x217.png 300w\" sizes=\"(max-width: 381px) 100vw, 381px\" \/>\t\t\t\t\t\t\t\t\t\t\t\t\t\t\t<\/div>\n\t\t\t\t<\/div>\n\t\t\t\t<\/div>\n\t\t<div class=\"elementor-element elementor-element-d69d3d7 e-con-full e-flex e-con e-child\" data-id=\"d69d3d7\" data-element_type=\"container\" data-e-type=\"container\">\n\t\t\t\t<div class=\"elementor-element elementor-element-757d046 pp-wpforms-labels-yes pp-wpforms-form-button-custom elementor-widget elementor-widget-pp-wpforms\" data-id=\"757d046\" data-element_type=\"widget\" data-e-type=\"widget\" data-widget_type=\"pp-wpforms.default\">\n\t\t\t\t<div class=\"elementor-widget-container\">\n\t\t\t\t\t\t\t\t\t<div class=\"pp-contact-form pp-wpforms pp-custom-radio-checkbox\">\n\t\t\t\t\t\t\t\t\t\t<div class=\"wpforms-container wpforms-container-full wpforms-render-modern\" id=\"wpforms-190\"><form id=\"wpforms-form-190\" class=\"wpforms-validate wpforms-form wpforms-ajax-form\" data-formid=\"190\" method=\"post\" enctype=\"multipart\/form-data\" action=\"\/index.php\/ilustraciones\/\" data-token=\"f473009220e543fde0c42a56dcb61674\" data-token-time=\"1776966691\"><div class=\"wpforms-head-container\"><\/div><noscript class=\"wpforms-error-noscript\">Por favor, activa JavaScript en tu navegador para completar este formulario.<\/noscript><div id=\"wpforms-error-noscript\" style=\"display: none;\">Por favor, activa JavaScript en tu navegador para completar este formulario.<\/div><div class=\"wpforms-field-container\"><div id=\"wpforms-190-field_1-container\" class=\"wpforms-field wpforms-field-name\" data-field-id=\"1\"><fieldset><legend class=\"wpforms-field-label\">Nombre <span class=\"wpforms-required-label\" aria-hidden=\"true\">*<\/span><\/legend><div class=\"wpforms-field-row wpforms-field-medium\"><div class=\"wpforms-field-row-block wpforms-first wpforms-one-half\"><input type=\"text\" id=\"wpforms-190-field_1\" class=\"wpforms-field-name-first wpforms-field-required\" name=\"wpforms[fields][1][first]\" aria-errormessage=\"wpforms-190-field_1-error\" required><label for=\"wpforms-190-field_1\" class=\"wpforms-field-sublabel after\">Nombre<\/label><\/div><div class=\"wpforms-field-row-block wpforms-one-half\"><input type=\"text\" id=\"wpforms-190-field_1-last\" class=\"wpforms-field-name-last wpforms-field-required\" name=\"wpforms[fields][1][last]\" aria-errormessage=\"wpforms-190-field_1-last-error\" required><label for=\"wpforms-190-field_1-last\" class=\"wpforms-field-sublabel after\">Apellidos<\/label><\/div><\/div><\/fieldset><\/div><div id=\"wpforms-190-field_7-container\" class=\"wpforms-field wpforms-field-email\" data-field-id=\"7\"><label class=\"wpforms-field-label\" for=\"wpforms-190-field_7\">Email <span class=\"wpforms-required-label\" aria-hidden=\"true\">*<\/span><\/label><input type=\"email\" id=\"wpforms-190-field_7\" class=\"wpforms-field-medium wpforms-field-required\" name=\"wpforms[fields][7]\" spellcheck=\"false\" aria-errormessage=\"wpforms-190-field_7-error\" required><\/div><div id=\"wpforms-190-field_8-container\" class=\"wpforms-field wpforms-field-number\" data-field-id=\"8\"><label class=\"wpforms-field-label\" for=\"wpforms-190-field_8\">Telefono<\/label><input type=\"number\" id=\"wpforms-190-field_8\" class=\"wpforms-field-medium\" name=\"wpforms[fields][8]\" step=\"any\" aria-errormessage=\"wpforms-190-field_8-error\" ><\/div><div id=\"wpforms-190-field_11-container\" class=\"wpforms-field wpforms-field-select wpforms-field-select-style-classic\" data-field-id=\"11\"><label class=\"wpforms-field-label\" for=\"wpforms-190-field_11\">\u00bfQu\u00e9 tipo de ilustraci\u00f3n desea?<\/label><select id=\"wpforms-190-field_11\" class=\"wpforms-field-medium\" name=\"wpforms[fields][11]\"><option value=\"Dibujo\"  class=\"choice-1 depth-1\"  >Dibujo<\/option><option value=\"\u00d3leo\"  class=\"choice-2 depth-1\"  >\u00d3leo<\/option><option value=\"Carboncillo\"  class=\"choice-3 depth-1\"  >Carboncillo<\/option><option value=\"Acuarela\"  class=\"choice-4 depth-1\"  >Acuarela<\/option><\/select><\/div><div id=\"wpforms-190-field_6-container\" class=\"wpforms-field wpforms-field-textarea\" data-field-id=\"6\"><label class=\"wpforms-field-label\" for=\"wpforms-190-field_6\">Describa el motivo o t\u00edtulo de la ilustraci\u00f3n<\/label><textarea id=\"wpforms-190-field_6\" class=\"wpforms-field-small\" name=\"wpforms[fields][6]\" aria-errormessage=\"wpforms-190-field_6-error\" ><\/textarea><\/div><div id=\"wpforms-190-field_10-container\" class=\"wpforms-field wpforms-field-text\" data-field-id=\"10\"><label class=\"wpforms-field-label\" for=\"wpforms-190-field_10\">Pon tu precio \u20ac<\/label><input type=\"text\" id=\"wpforms-190-field_10\" class=\"wpforms-field-small wpforms-limit-characters-enabled\" data-form-id=\"190\" data-field-id=\"10\" data-text-limit=\"4\" name=\"wpforms[fields][10]\" aria-errormessage=\"wpforms-190-field_10-error\" maxlength=\"4\" ><\/div><\/div><!-- .wpforms-field-container --><div class=\"wpforms-recaptcha-container wpforms-is-recaptcha wpforms-is-recaptcha-type-invisible\" ><div class=\"g-recaptcha\" data-sitekey=\"6LfJXAcpAAAAAM7QGCA9mY5WCaQ8QukvBmat-LP0\" data-size=\"invisible\"><\/div><\/div><div class=\"wpforms-submit-container\" ><input type=\"hidden\" name=\"wpforms[id]\" value=\"190\"><input type=\"hidden\" name=\"page_title\" value=\"Ilustraciones\"><input type=\"hidden\" name=\"page_url\" value=\"https:\/\/conseguido.es\/index.php\/ilustraciones\/\"><input type=\"hidden\" name=\"url_referer\" value=\"\"><input type=\"hidden\" name=\"page_id\" value=\"17\"><input type=\"hidden\" name=\"wpforms[post_id]\" value=\"17\"><button type=\"submit\" name=\"wpforms[submit]\" id=\"wpforms-submit-190\" class=\"wpforms-submit\" data-alt-text=\"Enviando-----\" data-submit-text=\"Enviar\" aria-live=\"assertive\" value=\"wpforms-submit\">Enviar<\/button><img decoding=\"async\" src=\"https:\/\/conseguido.es\/wp-content\/plugins\/wpforms-lite\/assets\/images\/submit-spin.svg\" class=\"wpforms-submit-spinner\" style=\"display: none;\" width=\"26\" height=\"26\" alt=\"Cargando\"><\/div><\/form><\/div>  <!-- .wpforms-container -->\t\t\t\t<\/div>\n\t\t\t\t\t\t\t\t<\/div>\n\t\t\t\t<\/div>\n\t\t\t\t<\/div>\n\t\t\t\t\t<\/div>\n\t\t\t\t<\/div>\n\t\t<div class=\"elementor-element elementor-element-415e4d1 e-flex e-con-boxed e-con e-parent\" data-id=\"415e4d1\" data-element_type=\"container\" data-e-type=\"container\">\n\t\t\t\t\t<div class=\"e-con-inner\">\n\t\t\t\t<div class=\"elementor-element elementor-element-6371121 elementor-widget-divider--separator-type-pattern elementor-widget-divider--view-line elementor-widget elementor-widget-divider\" data-id=\"6371121\" data-element_type=\"widget\" data-e-type=\"widget\" data-widget_type=\"divider.default\">\n\t\t\t\t<div class=\"elementor-widget-container\">\n\t\t\t\t\t\t\t<div class=\"elementor-divider\" style=\"--divider-pattern-url: url(&quot;data:image\/svg+xml,%3Csvg xmlns=&#039;http:\/\/www.w3.org\/2000\/svg&#039; preserveAspectRatio=&#039;none&#039; overflow=&#039;visible&#039; height=&#039;100%&#039; viewBox=&#039;0 0 24 24&#039; fill=&#039;none&#039; stroke=&#039;black&#039; stroke-width=&#039;1&#039; stroke-linecap=&#039;square&#039; stroke-miterlimit=&#039;10&#039;%3E%3Cpath d=&#039;M0,21c3.3,0,8.3-0.9,15.7-7.1c6.6-5.4,4.4-9.3,2.4-10.3c-3.4-1.8-7.7,1.3-7.3,8.8C11.2,20,17.1,21,24,21&#039;\/%3E%3C\/svg%3E&quot;);\">\n\t\t\t<span class=\"elementor-divider-separator\">\n\t\t\t\t\t\t<\/span>\n\t\t<\/div>\n\t\t\t\t\t\t<\/div>\n\t\t\t\t<\/div>\n\t\t\t\t<div class=\"elementor-element elementor-element-e18a631 elementor-widget elementor-widget-heading\" data-id=\"e18a631\" data-element_type=\"widget\" data-e-type=\"widget\" data-widget_type=\"heading.default\">\n\t\t\t\t<div class=\"elementor-widget-container\">\n\t\t\t\t\t<h3 class=\"elementor-heading-title elementor-size-default\">Ilustraciones<\/h3>\t\t\t\t<\/div>\n\t\t\t\t<\/div>\n\t\t\t\t<div class=\"elementor-element elementor-element-ed3332f elementor-widget elementor-widget-spacer\" data-id=\"ed3332f\" data-element_type=\"widget\" data-e-type=\"widget\" data-widget_type=\"spacer.default\">\n\t\t\t\t<div class=\"elementor-widget-container\">\n\t\t\t\t\t\t\t<div class=\"elementor-spacer\">\n\t\t\t<div class=\"elementor-spacer-inner\"><\/div>\n\t\t<\/div>\n\t\t\t\t\t\t<\/div>\n\t\t\t\t<\/div>\n\t\t\t\t\t<\/div>\n\t\t\t\t<\/div>\n\t\t<div class=\"elementor-element elementor-element-09d7f12 e-flex e-con-boxed e-con e-parent\" data-id=\"09d7f12\" data-element_type=\"container\" data-e-type=\"container\">\n\t\t\t\t\t<div class=\"e-con-inner\">\n\t\t\t\t<div class=\"elementor-element elementor-element-9728e79 elementor-widget elementor-widget-text-editor\" data-id=\"9728e79\" data-element_type=\"widget\" data-e-type=\"widget\" data-widget_type=\"text-editor.default\">\n\t\t\t\t<div class=\"elementor-widget-container\">\n\t\t\t\t\t\t\t\t\t<p>A continuaci\u00f3n se muestar algunas ilustraciones utilizadas en este libro:<\/p>\t\t\t\t\t\t\t\t<\/div>\n\t\t\t\t<\/div>\n\t\t\t\t<div class=\"elementor-element elementor-element-df61d13 elementor-widget elementor-widget-gallery\" data-id=\"df61d13\" data-element_type=\"widget\" data-e-type=\"widget\" data-settings=\"{&quot;columns&quot;:3,&quot;gap&quot;:{&quot;unit&quot;:&quot;px&quot;,&quot;size&quot;:45,&quot;sizes&quot;:[]},&quot;lazyload&quot;:&quot;yes&quot;,&quot;gallery_layout&quot;:&quot;grid&quot;,&quot;columns_tablet&quot;:2,&quot;columns_mobile&quot;:1,&quot;gap_tablet&quot;:{&quot;unit&quot;:&quot;px&quot;,&quot;size&quot;:10,&quot;sizes&quot;:[]},&quot;gap_mobile&quot;:{&quot;unit&quot;:&quot;px&quot;,&quot;size&quot;:10,&quot;sizes&quot;:[]},&quot;link_to&quot;:&quot;file&quot;,&quot;aspect_ratio&quot;:&quot;3:2&quot;,&quot;overlay_background&quot;:&quot;yes&quot;,&quot;content_hover_animation&quot;:&quot;fade-in&quot;}\" data-widget_type=\"gallery.default\">\n\t\t\t\t<div class=\"elementor-widget-container\">\n\t\t\t\t\t\t\t<div class=\"elementor-gallery__container\">\n\t\t\t\t\t\t\t<a class=\"e-gallery-item elementor-gallery-item elementor-animated-content\" href=\"https:\/\/conseguido.es\/wp-content\/uploads\/2023\/11\/ilustracion-1-2.-ma.png\" data-elementor-open-lightbox=\"yes\" data-elementor-lightbox-slideshow=\"df61d13\" data-elementor-lightbox-title=\"ilustracion 1-2.-ma\" data-e-action-hash=\"#elementor-action%3Aaction%3Dlightbox%26settings%3DeyJpZCI6OTg1LCJ1cmwiOiJodHRwczpcL1wvY29uc2VndWlkby5lc1wvd3AtY29udGVudFwvdXBsb2Fkc1wvMjAyM1wvMTFcL2lsdXN0cmFjaW9uLTEtMi4tbWEucG5nIiwic2xpZGVzaG93IjoiZGY2MWQxMyJ9\">\n\t\t\t\t\t<div class=\"e-gallery-image elementor-gallery-item__image\" data-thumbnail=\"https:\/\/conseguido.es\/wp-content\/uploads\/2023\/11\/ilustracion-1-2.-ma.png\" data-width=\"244\" data-height=\"251\" aria-label=\"\" role=\"img\" ><\/div>\n\t\t\t\t\t\t\t\t\t\t\t<div class=\"elementor-gallery-item__overlay\"><\/div>\n\t\t\t\t\t\t\t\t\t\t\t\t\t\t<\/a>\n\t\t\t\t\t\t\t<a class=\"e-gallery-item elementor-gallery-item elementor-animated-content\" href=\"https:\/\/conseguido.es\/wp-content\/uploads\/2023\/11\/ilustracion-2-2-ma.png\" data-elementor-open-lightbox=\"yes\" data-elementor-lightbox-slideshow=\"df61d13\" data-elementor-lightbox-title=\"ilustracion 2-2-ma\" data-e-action-hash=\"#elementor-action%3Aaction%3Dlightbox%26settings%3DeyJpZCI6OTgxLCJ1cmwiOiJodHRwczpcL1wvY29uc2VndWlkby5lc1wvd3AtY29udGVudFwvdXBsb2Fkc1wvMjAyM1wvMTFcL2lsdXN0cmFjaW9uLTItMi1tYS5wbmciLCJzbGlkZXNob3ciOiJkZjYxZDEzIn0%3D\">\n\t\t\t\t\t<div class=\"e-gallery-image elementor-gallery-item__image\" data-thumbnail=\"https:\/\/conseguido.es\/wp-content\/uploads\/2023\/11\/ilustracion-2-2-ma.png\" data-width=\"220\" data-height=\"293\" aria-label=\"\" role=\"img\" ><\/div>\n\t\t\t\t\t\t\t\t\t\t\t<div class=\"elementor-gallery-item__overlay\"><\/div>\n\t\t\t\t\t\t\t\t\t\t\t\t\t\t<\/a>\n\t\t\t\t\t\t\t<a class=\"e-gallery-item elementor-gallery-item elementor-animated-content\" href=\"https:\/\/conseguido.es\/wp-content\/uploads\/2023\/11\/ilustracion-3-3-ma.png\" data-elementor-open-lightbox=\"yes\" data-elementor-lightbox-slideshow=\"df61d13\" data-elementor-lightbox-title=\"ilustracion 3-3-ma\" data-e-action-hash=\"#elementor-action%3Aaction%3Dlightbox%26settings%3DeyJpZCI6OTgyLCJ1cmwiOiJodHRwczpcL1wvY29uc2VndWlkby5lc1wvd3AtY29udGVudFwvdXBsb2Fkc1wvMjAyM1wvMTFcL2lsdXN0cmFjaW9uLTMtMy1tYS5wbmciLCJzbGlkZXNob3ciOiJkZjYxZDEzIn0%3D\">\n\t\t\t\t\t<div class=\"e-gallery-image elementor-gallery-item__image\" data-thumbnail=\"https:\/\/conseguido.es\/wp-content\/uploads\/2023\/11\/ilustracion-3-3-ma.png\" data-width=\"381\" data-height=\"275\" aria-label=\"\" role=\"img\" ><\/div>\n\t\t\t\t\t\t\t\t\t\t\t<div class=\"elementor-gallery-item__overlay\"><\/div>\n\t\t\t\t\t\t\t\t\t\t\t\t\t\t<\/a>\n\t\t\t\t\t\t\t<a class=\"e-gallery-item elementor-gallery-item elementor-animated-content\" href=\"https:\/\/conseguido.es\/wp-content\/uploads\/2023\/11\/ilustracion-4-4-ma.png\" data-elementor-open-lightbox=\"yes\" data-elementor-lightbox-slideshow=\"df61d13\" data-elementor-lightbox-title=\"ilustracion 4-4-ma\" data-e-action-hash=\"#elementor-action%3Aaction%3Dlightbox%26settings%3DeyJpZCI6OTgzLCJ1cmwiOiJodHRwczpcL1wvY29uc2VndWlkby5lc1wvd3AtY29udGVudFwvdXBsb2Fkc1wvMjAyM1wvMTFcL2lsdXN0cmFjaW9uLTQtNC1tYS5wbmciLCJzbGlkZXNob3ciOiJkZjYxZDEzIn0%3D\">\n\t\t\t\t\t<div class=\"e-gallery-image elementor-gallery-item__image\" data-thumbnail=\"https:\/\/conseguido.es\/wp-content\/uploads\/2023\/11\/ilustracion-4-4-ma.png\" data-width=\"192\" data-height=\"187\" aria-label=\"\" role=\"img\" ><\/div>\n\t\t\t\t\t\t\t\t\t\t\t<div class=\"elementor-gallery-item__overlay\"><\/div>\n\t\t\t\t\t\t\t\t\t\t\t\t\t\t<\/a>\n\t\t\t\t\t\t\t<a class=\"e-gallery-item elementor-gallery-item elementor-animated-content\" href=\"https:\/\/conseguido.es\/wp-content\/uploads\/2023\/11\/ilustracion-5-5.png\" data-elementor-open-lightbox=\"yes\" data-elementor-lightbox-slideshow=\"df61d13\" data-elementor-lightbox-title=\"ilustracion 5-5\" data-e-action-hash=\"#elementor-action%3Aaction%3Dlightbox%26settings%3DeyJpZCI6OTg0LCJ1cmwiOiJodHRwczpcL1wvY29uc2VndWlkby5lc1wvd3AtY29udGVudFwvdXBsb2Fkc1wvMjAyM1wvMTFcL2lsdXN0cmFjaW9uLTUtNS5wbmciLCJzbGlkZXNob3ciOiJkZjYxZDEzIn0%3D\">\n\t\t\t\t\t<div class=\"e-gallery-image elementor-gallery-item__image\" data-thumbnail=\"https:\/\/conseguido.es\/wp-content\/uploads\/2023\/11\/ilustracion-5-5.png\" data-width=\"297\" data-height=\"403\" aria-label=\"\" role=\"img\" ><\/div>\n\t\t\t\t\t\t\t\t\t\t\t<div class=\"elementor-gallery-item__overlay\"><\/div>\n\t\t\t\t\t\t\t\t\t\t\t\t\t\t<\/a>\n\t\t\t\t\t\t\t<a class=\"e-gallery-item elementor-gallery-item elementor-animated-content\" href=\"https:\/\/conseguido.es\/wp-content\/uploads\/2023\/11\/ilustracion-6-6-ma.png\" data-elementor-open-lightbox=\"yes\" data-elementor-lightbox-slideshow=\"df61d13\" data-elementor-lightbox-title=\"ilustracion 6-6-ma\" data-e-action-hash=\"#elementor-action%3Aaction%3Dlightbox%26settings%3DeyJpZCI6OTg2LCJ1cmwiOiJodHRwczpcL1wvY29uc2VndWlkby5lc1wvd3AtY29udGVudFwvdXBsb2Fkc1wvMjAyM1wvMTFcL2lsdXN0cmFjaW9uLTYtNi1tYS5wbmciLCJzbGlkZXNob3ciOiJkZjYxZDEzIn0%3D\">\n\t\t\t\t\t<div class=\"e-gallery-image elementor-gallery-item__image\" data-thumbnail=\"https:\/\/conseguido.es\/wp-content\/uploads\/2023\/11\/ilustracion-6-6-ma.png\" data-width=\"2480\" data-height=\"3508\" aria-label=\"\" role=\"img\" ><\/div>\n\t\t\t\t\t\t\t\t\t\t\t<div class=\"elementor-gallery-item__overlay\"><\/div>\n\t\t\t\t\t\t\t\t\t\t\t\t\t\t<\/a>\n\t\t\t\t\t<\/div>\n\t\t\t\t\t<\/div>\n\t\t\t\t<\/div>\n\t\t\t\t<div class=\"elementor-element elementor-element-72be8d9 elementor-widget-divider--separator-type-pattern elementor-widget-divider--view-line elementor-widget elementor-widget-divider\" data-id=\"72be8d9\" data-element_type=\"widget\" data-e-type=\"widget\" data-widget_type=\"divider.default\">\n\t\t\t\t<div class=\"elementor-widget-container\">\n\t\t\t\t\t\t\t<div class=\"elementor-divider\" style=\"--divider-pattern-url: url(&quot;data:image\/svg+xml,%3Csvg xmlns=&#039;http:\/\/www.w3.org\/2000\/svg&#039; preserveAspectRatio=&#039;none&#039; overflow=&#039;visible&#039; height=&#039;100%&#039; viewBox=&#039;0 0 24 24&#039; fill=&#039;none&#039; stroke=&#039;black&#039; stroke-width=&#039;1&#039; stroke-linecap=&#039;square&#039; stroke-miterlimit=&#039;10&#039;%3E%3Cpath d=&#039;M0,21c3.3,0,8.3-0.9,15.7-7.1c6.6-5.4,4.4-9.3,2.4-10.3c-3.4-1.8-7.7,1.3-7.3,8.8C11.2,20,17.1,21,24,21&#039;\/%3E%3C\/svg%3E&quot;);\">\n\t\t\t<span class=\"elementor-divider-separator\">\n\t\t\t\t\t\t<\/span>\n\t\t<\/div>\n\t\t\t\t\t\t<\/div>\n\t\t\t\t<\/div>\n\t\t\t\t<div class=\"elementor-element elementor-element-adc4779 elementor-widget elementor-widget-spacer\" data-id=\"adc4779\" data-element_type=\"widget\" data-e-type=\"widget\" data-widget_type=\"spacer.default\">\n\t\t\t\t<div class=\"elementor-widget-container\">\n\t\t\t\t\t\t\t<div class=\"elementor-spacer\">\n\t\t\t<div class=\"elementor-spacer-inner\"><\/div>\n\t\t<\/div>\n\t\t\t\t\t\t<\/div>\n\t\t\t\t<\/div>\n\t\t\t\t\t<\/div>\n\t\t\t\t<\/div>\n\t\t<div class=\"elementor-element elementor-element-752e12c e-flex e-con-boxed e-con e-parent\" data-id=\"752e12c\" data-element_type=\"container\" data-e-type=\"container\">\n\t\t\t\t\t<div class=\"e-con-inner\">\n\t\t\t\t\t<\/div>\n\t\t\t\t<\/div>\n\t\t\t\t<\/div>\n\t\t","protected":false},"excerpt":{"rendered":"<p>Petici\u00f3n de Ilustraciones Por favor, activa JavaScript en tu navegador para completar este formulario.Por favor, activa JavaScript en tu navegador para completar este formulario. Nombre * NombreApellidos Email *Telefono\u00bfQu\u00e9 tipo de ilustraci\u00f3n desea?Dibujo\u00d3leoCarboncilloAcuarelaDescriba el motivo o t\u00edtulo de la ilustraci\u00f3nPon tu precio \u20ac Enviar Ilustraciones A continuaci\u00f3n se muestar algunas ilustraciones utilizadas en este libro:<\/p>\n","protected":false},"author":1,"featured_media":0,"parent":0,"menu_order":0,"comment_status":"closed","ping_status":"closed","template":"elementor_header_footer","meta":{"neve_meta_sidebar":"","neve_meta_container":"","neve_meta_enable_content_width":"","neve_meta_content_width":0,"neve_meta_title_alignment":"","neve_meta_author_avatar":"","neve_post_elements_order":"","neve_meta_disable_header":"","neve_meta_disable_footer":"","neve_meta_disable_title":"","footnotes":""},"class_list":["post-17","page","type-page","status-publish","hentry"],"_links":{"self":[{"href":"https:\/\/conseguido.es\/index.php\/wp-json\/wp\/v2\/pages\/17","targetHints":{"allow":["GET"]}}],"collection":[{"href":"https:\/\/conseguido.es\/index.php\/wp-json\/wp\/v2\/pages"}],"about":[{"href":"https:\/\/conseguido.es\/index.php\/wp-json\/wp\/v2\/types\/page"}],"author":[{"embeddable":true,"href":"https:\/\/conseguido.es\/index.php\/wp-json\/wp\/v2\/users\/1"}],"replies":[{"embeddable":true,"href":"https:\/\/conseguido.es\/index.php\/wp-json\/wp\/v2\/comments?post=17"}],"version-history":[{"count":82,"href":"https:\/\/conseguido.es\/index.php\/wp-json\/wp\/v2\/pages\/17\/revisions"}],"predecessor-version":[{"id":994,"href":"https:\/\/conseguido.es\/index.php\/wp-json\/wp\/v2\/pages\/17\/revisions\/994"}],"wp:attachment":[{"href":"https:\/\/conseguido.es\/index.php\/wp-json\/wp\/v2\/media?parent=17"}],"curies":[{"name":"wp","href":"https:\/\/api.w.org\/{rel}","templated":true}]}}