{"id":19,"date":"2023-10-23T10:34:28","date_gmt":"2023-10-23T08:34:28","guid":{"rendered":"http:\/\/conseguido.es\/?page_id=19"},"modified":"2024-10-29T12:17:26","modified_gmt":"2024-10-29T11:17:26","slug":"talleres-charlas-o-presetacion-del-libro","status":"publish","type":"page","link":"https:\/\/conseguido.es\/index.php\/talleres-charlas-o-presetacion-del-libro\/","title":{"rendered":"Talleres, Charlas o Presentaci\u00f3n del Libro"},"content":{"rendered":"\t\t<div data-elementor-type=\"wp-page\" data-elementor-id=\"19\" class=\"elementor elementor-19\" data-elementor-post-type=\"page\">\n\t\t\t\t<div class=\"elementor-element elementor-element-35bc437 e-flex e-con-boxed e-con e-parent\" data-id=\"35bc437\" data-element_type=\"container\" data-e-type=\"container\">\n\t\t\t\t\t<div class=\"e-con-inner\">\n\t\t\t\t<div class=\"elementor-element elementor-element-6642926 elementor-widget elementor-widget-spacer\" data-id=\"6642926\" data-element_type=\"widget\" data-e-type=\"widget\" data-widget_type=\"spacer.default\">\n\t\t\t\t<div class=\"elementor-widget-container\">\n\t\t\t\t\t\t\t<div class=\"elementor-spacer\">\n\t\t\t<div class=\"elementor-spacer-inner\"><\/div>\n\t\t<\/div>\n\t\t\t\t\t\t<\/div>\n\t\t\t\t<\/div>\n\t\t\t\t<div class=\"elementor-element elementor-element-958a138 elementor-widget elementor-widget-heading\" data-id=\"958a138\" data-element_type=\"widget\" data-e-type=\"widget\" data-widget_type=\"heading.default\">\n\t\t\t\t<div class=\"elementor-widget-container\">\n\t\t\t\t\t<h2 class=\"elementor-heading-title elementor-size-default\">Talleres,  Charlas o Presentaci\u00f3n del Libro<\/h2>\t\t\t\t<\/div>\n\t\t\t\t<\/div>\n\t\t\t\t<div class=\"elementor-element elementor-element-8bd2aef elementor-widget elementor-widget-spacer\" data-id=\"8bd2aef\" data-element_type=\"widget\" data-e-type=\"widget\" data-widget_type=\"spacer.default\">\n\t\t\t\t<div class=\"elementor-widget-container\">\n\t\t\t\t\t\t\t<div class=\"elementor-spacer\">\n\t\t\t<div class=\"elementor-spacer-inner\"><\/div>\n\t\t<\/div>\n\t\t\t\t\t\t<\/div>\n\t\t\t\t<\/div>\n\t\t\t\t\t<\/div>\n\t\t\t\t<\/div>\n\t\t<div class=\"elementor-element elementor-element-a5c1107 e-flex e-con-boxed e-con e-parent\" data-id=\"a5c1107\" data-element_type=\"container\" data-e-type=\"container\">\n\t\t\t\t\t<div class=\"e-con-inner\">\n\t\t<div class=\"elementor-element elementor-element-534851e e-con-full e-flex e-con e-child\" data-id=\"534851e\" data-element_type=\"container\" data-e-type=\"container\">\n\t\t\t\t<div class=\"elementor-element elementor-element-4a99b2d elementor-widget elementor-widget-image\" data-id=\"4a99b2d\" data-element_type=\"widget\" data-e-type=\"widget\" data-widget_type=\"image.default\">\n\t\t\t\t<div class=\"elementor-widget-container\">\n\t\t\t\t\t\t\t\t\t\t\t\t\t\t\t<img fetchpriority=\"high\" decoding=\"async\" width=\"576\" height=\"1024\" src=\"https:\/\/conseguido.es\/wp-content\/uploads\/2024\/10\/foto-present-576x1024.jpeg\" class=\"attachment-large size-large wp-image-1164\" alt=\"\" srcset=\"https:\/\/conseguido.es\/wp-content\/uploads\/2024\/10\/foto-present-576x1024.jpeg 576w, https:\/\/conseguido.es\/wp-content\/uploads\/2024\/10\/foto-present-169x300.jpeg 169w, https:\/\/conseguido.es\/wp-content\/uploads\/2024\/10\/foto-present-768x1365.jpeg 768w, https:\/\/conseguido.es\/wp-content\/uploads\/2024\/10\/foto-present-864x1536.jpeg 864w, https:\/\/conseguido.es\/wp-content\/uploads\/2024\/10\/foto-present-1152x2048.jpeg 1152w, https:\/\/conseguido.es\/wp-content\/uploads\/2024\/10\/foto-present-scaled.jpeg 1440w\" sizes=\"(max-width: 576px) 100vw, 576px\" \/>\t\t\t\t\t\t\t\t\t\t\t\t\t\t\t<\/div>\n\t\t\t\t<\/div>\n\t\t\t\t<\/div>\n\t\t<div class=\"elementor-element elementor-element-5198954 e-con-full e-flex e-con e-child\" data-id=\"5198954\" data-element_type=\"container\" data-e-type=\"container\">\n\t\t\t\t<div class=\"elementor-element elementor-element-30ee753 elementor-widget elementor-widget-text-editor\" data-id=\"30ee753\" data-element_type=\"widget\" data-e-type=\"widget\" data-widget_type=\"text-editor.default\">\n\t\t\t\t<div class=\"elementor-widget-container\">\n\t\t\t\t\t\t\t\t\t<p>Si est\u00e1s interesado\/a en alg\u00fan taller de coaching, charlas o presentaci\u00f3n del libro, rellena el siguiente formulario y en breve contactaremos contigo.<\/p>\n<p>A todos los que hab\u00e9is asistido a las charlas realizadas, quiero daros las gracias por vuestro apoyo y cari\u00f1o en las que hemos compartido, aprendido y sorprendido.<\/p>\t\t\t\t\t\t\t\t<\/div>\n\t\t\t\t<\/div>\n\t\t\t\t<\/div>\n\t\t<div class=\"elementor-element elementor-element-b2bc26f e-con-full e-flex e-con e-child\" data-id=\"b2bc26f\" data-element_type=\"container\" data-e-type=\"container\">\n\t\t\t\t<div class=\"elementor-element elementor-element-4bd0f48 elementor-widget elementor-widget-image\" data-id=\"4bd0f48\" data-element_type=\"widget\" data-e-type=\"widget\" data-widget_type=\"image.default\">\n\t\t\t\t<div class=\"elementor-widget-container\">\n\t\t\t\t\t\t\t\t\t\t\t\t\t\t\t<img decoding=\"async\" width=\"576\" height=\"1024\" src=\"https:\/\/conseguido.es\/wp-content\/uploads\/2024\/10\/foto-present1-576x1024.jpeg\" class=\"attachment-large size-large wp-image-1163\" alt=\"\" srcset=\"https:\/\/conseguido.es\/wp-content\/uploads\/2024\/10\/foto-present1-576x1024.jpeg 576w, https:\/\/conseguido.es\/wp-content\/uploads\/2024\/10\/foto-present1-169x300.jpeg 169w, https:\/\/conseguido.es\/wp-content\/uploads\/2024\/10\/foto-present1-768x1365.jpeg 768w, https:\/\/conseguido.es\/wp-content\/uploads\/2024\/10\/foto-present1-864x1536.jpeg 864w, https:\/\/conseguido.es\/wp-content\/uploads\/2024\/10\/foto-present1-1152x2048.jpeg 1152w, https:\/\/conseguido.es\/wp-content\/uploads\/2024\/10\/foto-present1-scaled.jpeg 1440w\" sizes=\"(max-width: 576px) 100vw, 576px\" \/>\t\t\t\t\t\t\t\t\t\t\t\t\t\t\t<\/div>\n\t\t\t\t<\/div>\n\t\t\t\t<\/div>\n\t\t\t\t\t<\/div>\n\t\t\t\t<\/div>\n\t\t<div class=\"elementor-element elementor-element-038f203 e-flex e-con-boxed e-con e-parent\" data-id=\"038f203\" data-element_type=\"container\" data-e-type=\"container\">\n\t\t\t\t\t<div class=\"e-con-inner\">\n\t\t<div class=\"elementor-element elementor-element-dcde715 e-con-full e-flex e-con e-child\" data-id=\"dcde715\" data-element_type=\"container\" data-e-type=\"container\">\n\t\t\t\t<\/div>\n\t\t<div class=\"elementor-element elementor-element-ded2ec0 e-con-full e-flex e-con e-child\" data-id=\"ded2ec0\" data-element_type=\"container\" data-e-type=\"container\">\n\t\t\t\t<div class=\"elementor-element elementor-element-ff7dc9f elementor-widget elementor-widget-spacer\" data-id=\"ff7dc9f\" data-element_type=\"widget\" data-e-type=\"widget\" data-widget_type=\"spacer.default\">\n\t\t\t\t<div class=\"elementor-widget-container\">\n\t\t\t\t\t\t\t<div class=\"elementor-spacer\">\n\t\t\t<div class=\"elementor-spacer-inner\"><\/div>\n\t\t<\/div>\n\t\t\t\t\t\t<\/div>\n\t\t\t\t<\/div>\n\t\t\t\t<div class=\"elementor-element elementor-element-b18c8f2 elementor-widget elementor-widget-image\" data-id=\"b18c8f2\" data-element_type=\"widget\" data-e-type=\"widget\" data-widget_type=\"image.default\">\n\t\t\t\t<div class=\"elementor-widget-container\">\n\t\t\t\t\t\t\t\t\t\t\t\t\t\t\t<img decoding=\"async\" width=\"244\" height=\"251\" src=\"https:\/\/conseguido.es\/wp-content\/uploads\/2023\/11\/ilustracion-1-2.-ma.png\" class=\"attachment-large size-large wp-image-985\" alt=\"\" \/>\t\t\t\t\t\t\t\t\t\t\t\t\t\t\t<\/div>\n\t\t\t\t<\/div>\n\t\t\t\t<\/div>\n\t\t<div class=\"elementor-element elementor-element-63fd3c5 e-con-full e-flex e-con e-child\" data-id=\"63fd3c5\" data-element_type=\"container\" data-e-type=\"container\">\n\t\t\t\t<div class=\"elementor-element elementor-element-81878ca pp-wpforms-labels-yes pp-wpforms-form-button-custom elementor-widget elementor-widget-pp-wpforms\" data-id=\"81878ca\" data-element_type=\"widget\" data-e-type=\"widget\" data-widget_type=\"pp-wpforms.default\">\n\t\t\t\t<div class=\"elementor-widget-container\">\n\t\t\t\t\t\t\t\t\t<div class=\"pp-contact-form pp-wpforms pp-custom-radio-checkbox\">\n\t\t\t\t\t\t\t\t\t\t<div class=\"wpforms-container wpforms-container-full wpforms-render-modern\" id=\"wpforms-208\"><form id=\"wpforms-form-208\" class=\"wpforms-validate wpforms-form wpforms-ajax-form\" data-formid=\"208\" method=\"post\" enctype=\"multipart\/form-data\" action=\"\/index.php\/talleres-charlas-o-presetacion-del-libro\/\" data-token=\"fbe48165cd3f4ae0f666e37dc7f3cc9a\" data-token-time=\"1777033174\"><noscript class=\"wpforms-error-noscript\">Por favor, activa JavaScript en tu navegador para completar este formulario.<\/noscript><div id=\"wpforms-error-noscript\" style=\"display: none;\">Por favor, activa JavaScript en tu navegador para completar este formulario.<\/div><div class=\"wpforms-field-container\"><div id=\"wpforms-208-field_1-container\" class=\"wpforms-field wpforms-field-name\" data-field-id=\"1\"><fieldset><legend class=\"wpforms-field-label\">Nombre <span class=\"wpforms-required-label\" aria-hidden=\"true\">*<\/span><\/legend><div class=\"wpforms-field-row wpforms-field-medium\"><div class=\"wpforms-field-row-block wpforms-first wpforms-one-half\"><input type=\"text\" id=\"wpforms-208-field_1\" class=\"wpforms-field-name-first wpforms-field-required\" name=\"wpforms[fields][1][first]\" aria-errormessage=\"wpforms-208-field_1-error\" required><label for=\"wpforms-208-field_1\" class=\"wpforms-field-sublabel after\">Nombre<\/label><\/div><div class=\"wpforms-field-row-block wpforms-one-half\"><input type=\"text\" id=\"wpforms-208-field_1-last\" class=\"wpforms-field-name-last wpforms-field-required\" name=\"wpforms[fields][1][last]\" aria-errormessage=\"wpforms-208-field_1-last-error\" required><label for=\"wpforms-208-field_1-last\" class=\"wpforms-field-sublabel after\">Apellidos<\/label><\/div><\/div><\/fieldset><\/div><div id=\"wpforms-208-field_7-container\" class=\"wpforms-field wpforms-field-email\" data-field-id=\"7\"><label class=\"wpforms-field-label\" for=\"wpforms-208-field_7\">Email <span class=\"wpforms-required-label\" aria-hidden=\"true\">*<\/span><\/label><input type=\"email\" id=\"wpforms-208-field_7\" class=\"wpforms-field-medium wpforms-field-required\" name=\"wpforms[fields][7]\" spellcheck=\"false\" aria-errormessage=\"wpforms-208-field_7-error\" required><\/div><div id=\"wpforms-208-field_8-container\" class=\"wpforms-field wpforms-field-number\" data-field-id=\"8\"><label class=\"wpforms-field-label\" for=\"wpforms-208-field_8\">Telefono<\/label><input type=\"number\" id=\"wpforms-208-field_8\" class=\"wpforms-field-medium\" name=\"wpforms[fields][8]\" step=\"any\" aria-errormessage=\"wpforms-208-field_8-error\" ><\/div><div id=\"wpforms-208-field_6-container\" class=\"wpforms-field wpforms-field-textarea\" data-field-id=\"6\"><label class=\"wpforms-field-label\" for=\"wpforms-208-field_6\">Cu\u00e9ntanos en que estar\u00edas interesado\/a<\/label><textarea id=\"wpforms-208-field_6\" class=\"wpforms-field-medium\" name=\"wpforms[fields][6]\" aria-errormessage=\"wpforms-208-field_6-error\" ><\/textarea><\/div><\/div><!-- .wpforms-field-container --><div class=\"wpforms-recaptcha-container wpforms-is-recaptcha wpforms-is-recaptcha-type-invisible\" ><div class=\"g-recaptcha\" data-sitekey=\"6LfJXAcpAAAAAM7QGCA9mY5WCaQ8QukvBmat-LP0\" data-size=\"invisible\"><\/div><\/div><div class=\"wpforms-submit-container\" ><input type=\"hidden\" name=\"wpforms[id]\" value=\"208\"><input type=\"hidden\" name=\"page_title\" value=\"Talleres, Charlas o Presentaci\u00f3n del Libro\"><input type=\"hidden\" name=\"page_url\" value=\"https:\/\/conseguido.es\/index.php\/talleres-charlas-o-presetacion-del-libro\/\"><input type=\"hidden\" name=\"url_referer\" value=\"\"><input type=\"hidden\" name=\"page_id\" value=\"19\"><input type=\"hidden\" name=\"wpforms[post_id]\" value=\"19\"><button type=\"submit\" name=\"wpforms[submit]\" id=\"wpforms-submit-208\" class=\"wpforms-submit\" data-alt-text=\"Enviando-----\" data-submit-text=\"Enviar\" aria-live=\"assertive\" value=\"wpforms-submit\">Enviar<\/button><img loading=\"lazy\" decoding=\"async\" src=\"https:\/\/conseguido.es\/wp-content\/plugins\/wpforms-lite\/assets\/images\/submit-spin.svg\" class=\"wpforms-submit-spinner\" style=\"display: none;\" width=\"26\" height=\"26\" alt=\"Cargando\"><\/div><\/form><\/div>  <!-- .wpforms-container -->\t\t\t\t<\/div>\n\t\t\t\t\t\t\t\t<\/div>\n\t\t\t\t<\/div>\n\t\t\t\t<\/div>\n\t\t\t\t\t<\/div>\n\t\t\t\t<\/div>\n\t\t<div class=\"elementor-element elementor-element-5dc44c1 e-flex e-con-boxed e-con e-parent\" data-id=\"5dc44c1\" data-element_type=\"container\" data-e-type=\"container\">\n\t\t\t\t\t<div class=\"e-con-inner\">\n\t\t\t\t<div class=\"elementor-element elementor-element-a7c65e1 elementor-widget-divider--separator-type-pattern elementor-widget-divider--view-line elementor-widget elementor-widget-divider\" data-id=\"a7c65e1\" data-element_type=\"widget\" data-e-type=\"widget\" data-widget_type=\"divider.default\">\n\t\t\t\t<div class=\"elementor-widget-container\">\n\t\t\t\t\t\t\t<div class=\"elementor-divider\" style=\"--divider-pattern-url: url(&quot;data:image\/svg+xml,%3Csvg xmlns=&#039;http:\/\/www.w3.org\/2000\/svg&#039; preserveAspectRatio=&#039;none&#039; overflow=&#039;visible&#039; height=&#039;100%&#039; viewBox=&#039;0 0 24 24&#039; fill=&#039;none&#039; stroke=&#039;black&#039; stroke-width=&#039;1&#039; stroke-linecap=&#039;square&#039; stroke-miterlimit=&#039;10&#039;%3E%3Cpath d=&#039;M0,21c3.3,0,8.3-0.9,15.7-7.1c6.6-5.4,4.4-9.3,2.4-10.3c-3.4-1.8-7.7,1.3-7.3,8.8C11.2,20,17.1,21,24,21&#039;\/%3E%3C\/svg%3E&quot;);\">\n\t\t\t<span class=\"elementor-divider-separator\">\n\t\t\t\t\t\t<\/span>\n\t\t<\/div>\n\t\t\t\t\t\t<\/div>\n\t\t\t\t<\/div>\n\t\t\t\t\t<\/div>\n\t\t\t\t<\/div>\n\t\t\t\t<\/div>\n\t\t","protected":false},"excerpt":{"rendered":"<p>Talleres, Charlas o Presentaci\u00f3n del Libro Si est\u00e1s interesado\/a en alg\u00fan taller de coaching, charlas o presentaci\u00f3n del libro, rellena el siguiente formulario y en breve contactaremos contigo. A todos los que hab\u00e9is asistido a las charlas realizadas, quiero daros las gracias por vuestro apoyo y cari\u00f1o en las que hemos compartido, aprendido y sorprendido.&hellip;&nbsp;<a href=\"https:\/\/conseguido.es\/index.php\/talleres-charlas-o-presetacion-del-libro\/\" rel=\"bookmark\">Leer m\u00e1s &raquo;<span class=\"screen-reader-text\">Talleres, Charlas o Presentaci\u00f3n del Libro<\/span><\/a><\/p>\n","protected":false},"author":1,"featured_media":0,"parent":0,"menu_order":0,"comment_status":"closed","ping_status":"closed","template":"elementor_header_footer","meta":{"neve_meta_sidebar":"","neve_meta_container":"","neve_meta_enable_content_width":"","neve_meta_content_width":0,"neve_meta_title_alignment":"","neve_meta_author_avatar":"","neve_post_elements_order":"","neve_meta_disable_header":"","neve_meta_disable_footer":"","neve_meta_disable_title":"","footnotes":""},"class_list":["post-19","page","type-page","status-publish","hentry"],"_links":{"self":[{"href":"https:\/\/conseguido.es\/index.php\/wp-json\/wp\/v2\/pages\/19","targetHints":{"allow":["GET"]}}],"collection":[{"href":"https:\/\/conseguido.es\/index.php\/wp-json\/wp\/v2\/pages"}],"about":[{"href":"https:\/\/conseguido.es\/index.php\/wp-json\/wp\/v2\/types\/page"}],"author":[{"embeddable":true,"href":"https:\/\/conseguido.es\/index.php\/wp-json\/wp\/v2\/users\/1"}],"replies":[{"embeddable":true,"href":"https:\/\/conseguido.es\/index.php\/wp-json\/wp\/v2\/comments?post=19"}],"version-history":[{"count":47,"href":"https:\/\/conseguido.es\/index.php\/wp-json\/wp\/v2\/pages\/19\/revisions"}],"predecessor-version":[{"id":1167,"href":"https:\/\/conseguido.es\/index.php\/wp-json\/wp\/v2\/pages\/19\/revisions\/1167"}],"wp:attachment":[{"href":"https:\/\/conseguido.es\/index.php\/wp-json\/wp\/v2\/media?parent=19"}],"curies":[{"name":"wp","href":"https:\/\/api.w.org\/{rel}","templated":true}]}}