{"id":380,"date":"2023-09-28T14:45:11","date_gmt":"2023-09-28T14:45:11","guid":{"rendered":"https:\/\/coachingparaempezar.es\/?page_id=380"},"modified":"2023-09-28T14:45:11","modified_gmt":"2023-09-28T14:45:11","slug":"empezar","status":"publish","type":"page","link":"https:\/\/conseguido.es\/index.php\/empezar\/","title":{"rendered":"\u00bfEMPEZAR?"},"content":{"rendered":"\n<figure class=\"wp-block-image size-full\"><img fetchpriority=\"high\" decoding=\"async\" width=\"640\" height=\"143\" src=\"https:\/\/conseguido.es\/wp-content\/uploads\/2023\/09\/HOMBRE.gif\" alt=\"\" class=\"wp-image-381\"\/><\/figure>\n\n\n\n<p>Desde esta web, podr\u00e1s&nbsp;<strong><a href=\"https:\/\/conseguido.es\/cuando-empezamos\/\">EMPEZAR<\/a>&nbsp;<\/strong>a &#8230; realizar lo que te propongas.<\/p>\n\n\n\n<p>Ayudamos a&nbsp;<strong>descubrir<\/strong>&nbsp;qu\u00e9 quieres alcanzar,&nbsp;<strong>acompa\u00f1amos&nbsp;<\/strong>durante el proceso de desarrollo,&nbsp;<strong>formamos&nbsp;<\/strong>en herramientas&nbsp;de<strong>&nbsp;<a href=\"https:\/\/conseguido.es\/que-es-el-coaching\/\">Coaching<\/a>, PNL,&nbsp;<a href=\"https:\/\/conseguido.es\/comunicacion\/\">Comunicaci\u00f3n<\/a>, ..&nbsp;<\/strong><br><\/p>\n\n\n\n<p>Trabajamos diferentes\u00a0<strong><a href=\"https:\/\/conseguido.es\/competencias\/\">competencias\u00a0<\/a>en los sectores\u00a0<\/strong>de\u00a0<strong><a href=\"https:\/\/conseguido.es\/coaching-educativo\/\">Educaci\u00f3n<\/a>,\u00a0<a href=\"https:\/\/conseguido.es\/coaching-ejecutivo\/\" data-type=\"post\" data-id=\"191\">Empresa<\/a>,\u00a0<a href=\"https:\/\/conseguido.es\/coaching-politico\/\" data-type=\"post\" data-id=\"189\">Pol\u00edtica\u00a0<\/a>y\u00a0<a href=\"https:\/\/conseguido.es\/coaching-social\/\" data-type=\"post\" data-id=\"188\">Acci\u00f3n Social<\/a>.<\/strong><\/p>\n\n\n\n<figure class=\"wp-block-image size-large\"><img decoding=\"async\" width=\"1024\" height=\"664\" src=\"https:\/\/conseguido.es\/wp-content\/uploads\/2023\/09\/coaching-1024x664.gif\" alt=\"\" class=\"wp-image-382\" srcset=\"https:\/\/conseguido.es\/wp-content\/uploads\/2023\/09\/coaching-1024x664.gif 1024w, https:\/\/conseguido.es\/wp-content\/uploads\/2023\/09\/coaching-300x195.gif 300w, https:\/\/conseguido.es\/wp-content\/uploads\/2023\/09\/coaching-768x498.gif 768w\" sizes=\"(max-width: 1024px) 100vw, 1024px\" \/><\/figure>\n\n\n\n<p><strong><a href=\"http:\/\/www.coachingparaempezar.es\/\">BLOG<\/a><\/strong><\/p>\n","protected":false},"excerpt":{"rendered":"<p>Desde esta web, podr\u00e1s&nbsp;EMPEZAR&nbsp;a &#8230; realizar lo que te propongas. Ayudamos a&nbsp;descubrir&nbsp;qu\u00e9 quieres alcanzar,&nbsp;acompa\u00f1amos&nbsp;durante el proceso de desarrollo,&nbsp;formamos&nbsp;en herramientas&nbsp;de&nbsp;Coaching, PNL,&nbsp;Comunicaci\u00f3n, ..&nbsp; Trabajamos diferentes\u00a0competencias\u00a0en los sectores\u00a0de\u00a0Educaci\u00f3n,\u00a0Empresa,\u00a0Pol\u00edtica\u00a0y\u00a0Acci\u00f3n Social. BLOG<\/p>\n","protected":false},"author":1,"featured_media":0,"parent":0,"menu_order":0,"comment_status":"closed","ping_status":"closed","template":"","meta":{"neve_meta_sidebar":"right","neve_meta_container":"","neve_meta_enable_content_width":"on","neve_meta_content_width":70,"neve_meta_title_alignment":"","neve_meta_author_avatar":"","neve_post_elements_order":"","neve_meta_disable_header":"","neve_meta_disable_footer":"","neve_meta_disable_title":"","footnotes":""},"class_list":["post-380","page","type-page","status-publish","hentry"],"_links":{"self":[{"href":"https:\/\/conseguido.es\/index.php\/wp-json\/wp\/v2\/pages\/380","targetHints":{"allow":["GET"]}}],"collection":[{"href":"https:\/\/conseguido.es\/index.php\/wp-json\/wp\/v2\/pages"}],"about":[{"href":"https:\/\/conseguido.es\/index.php\/wp-json\/wp\/v2\/types\/page"}],"author":[{"embeddable":true,"href":"https:\/\/conseguido.es\/index.php\/wp-json\/wp\/v2\/users\/1"}],"replies":[{"embeddable":true,"href":"https:\/\/conseguido.es\/index.php\/wp-json\/wp\/v2\/comments?post=380"}],"version-history":[{"count":0,"href":"https:\/\/conseguido.es\/index.php\/wp-json\/wp\/v2\/pages\/380\/revisions"}],"wp:attachment":[{"href":"https:\/\/conseguido.es\/index.php\/wp-json\/wp\/v2\/media?parent=380"}],"curies":[{"name":"wp","href":"https:\/\/api.w.org\/{rel}","templated":true}]}}