{"id":418,"date":"2023-09-29T08:29:17","date_gmt":"2023-09-29T08:29:17","guid":{"rendered":"https:\/\/coachingparaempezar.es\/?page_id=418"},"modified":"2023-09-29T08:29:17","modified_gmt":"2023-09-29T08:29:17","slug":"otras-competencias","status":"publish","type":"page","link":"https:\/\/conseguido.es\/index.php\/otras-competencias\/","title":{"rendered":"OTRAS COMPETENCIAS"},"content":{"rendered":"\n<p>Las competencias son los conocimientos, las habilidades y actitudes que tenemos las personas para realizar una tarea.<\/p>\n\n\n\n<p>Pueden ser:<\/p>\n\n\n\n<ul class=\"wp-block-list\">\n<li><strong>cognitivas<\/strong>. como la inteligencia emocional, inteligencia, capacidad de observaci\u00f3n, an\u00e1lisis y creatividad.<\/li>\n\n\n\n<li><strong>interpersonales<\/strong>, como la empat\u00eda, el carisma, las habilidades sociales y de comunicaci\u00f3n, negociaci\u00f3n, trabajo en equipo.<\/li>\n\n\n\n<li>de&nbsp;<strong>eficacia personal<\/strong>, como la integridad, la sinceridad, honestidad, autoestima, optimismos, ..<\/li>\n\n\n\n<li><strong>ambientales<\/strong>, como la adaptaci\u00f3n al entorno y la capacidad de estr\u00e9s, la \u00e9tica, los valores, ..<\/li>\n\n\n\n<li><strong>resolutivas<\/strong>, como el rendimiento, liderazgo, capacidad de organizaci\u00f3n y planificaci\u00f3n, compromiso,&nbsp;<\/li>\n<\/ul>\n\n\n\n<p><strong>En esta p\u00e1gina trabajamos todas estas competencias para el desarrollo y crecimiento de la persona, mediante:<\/strong><br><a href=\"http:\/\/www.coachingparaempezar.es\/p\/co.html\">COACHING &nbsp;<\/a><strong>\/ &nbsp;<\/strong><a href=\"http:\/\/www.coachingparaempezar.es\/2014\/09\/conocernos.html\">CONOCERNOS MEJOR&nbsp;<\/a><strong>&nbsp;\/&nbsp;<a href=\"http:\/\/www.coachingparaempezar.es\/2014\/09\/comunicacion.html\">&nbsp;<\/a><\/strong><a href=\"http:\/\/www.coachingparaempezar.es\/2014\/09\/comunicacion.html\"><strong>COMUNICACI\u00d3N&nbsp;<\/strong><\/a><strong>&nbsp;\/&nbsp;<\/strong><a href=\"http:\/\/www.coachingparaempezar.es\/2014\/09\/grafologia-y-pericia-caligrafica.html\">GRAFO Y PERICIA CALIGR\u00c1FICA<\/a><\/p>\n\n\n<div class=\"wp-block-image\">\n<figure class=\"aligncenter size-large is-resized\"><img fetchpriority=\"high\" decoding=\"async\" src=\"https:\/\/conseguido.es\/wp-content\/uploads\/2023\/09\/competencias1-1024x555.gif\" alt=\"\" class=\"wp-image-419\" style=\"width:552px;height:299px\" width=\"552\" height=\"299\" srcset=\"https:\/\/conseguido.es\/wp-content\/uploads\/2023\/09\/competencias1-1024x555.gif 1024w, https:\/\/conseguido.es\/wp-content\/uploads\/2023\/09\/competencias1-300x163.gif 300w, https:\/\/conseguido.es\/wp-content\/uploads\/2023\/09\/competencias1-768x416.gif 768w\" sizes=\"(max-width: 552px) 100vw, 552px\" \/><\/figure>\n<\/div>\n\n\n<p class=\"has-text-align-center\">Competencias<\/p>\n","protected":false},"excerpt":{"rendered":"<p>Las competencias son los conocimientos, las habilidades y actitudes que tenemos las personas para realizar una tarea. Pueden ser: En esta p\u00e1gina trabajamos todas estas competencias para el desarrollo y crecimiento de la persona, mediante:COACHING &nbsp;\/ &nbsp;CONOCERNOS MEJOR&nbsp;&nbsp;\/&nbsp;&nbsp;COMUNICACI\u00d3N&nbsp;&nbsp;\/&nbsp;GRAFO Y PERICIA CALIGR\u00c1FICA Competencias<\/p>\n","protected":false},"author":1,"featured_media":0,"parent":0,"menu_order":0,"comment_status":"closed","ping_status":"closed","template":"","meta":{"neve_meta_sidebar":"right","neve_meta_container":"","neve_meta_enable_content_width":"on","neve_meta_content_width":70,"neve_meta_title_alignment":"","neve_meta_author_avatar":"","neve_post_elements_order":"","neve_meta_disable_header":"","neve_meta_disable_footer":"","neve_meta_disable_title":"","footnotes":""},"class_list":["post-418","page","type-page","status-publish","hentry"],"_links":{"self":[{"href":"https:\/\/conseguido.es\/index.php\/wp-json\/wp\/v2\/pages\/418","targetHints":{"allow":["GET"]}}],"collection":[{"href":"https:\/\/conseguido.es\/index.php\/wp-json\/wp\/v2\/pages"}],"about":[{"href":"https:\/\/conseguido.es\/index.php\/wp-json\/wp\/v2\/types\/page"}],"author":[{"embeddable":true,"href":"https:\/\/conseguido.es\/index.php\/wp-json\/wp\/v2\/users\/1"}],"replies":[{"embeddable":true,"href":"https:\/\/conseguido.es\/index.php\/wp-json\/wp\/v2\/comments?post=418"}],"version-history":[{"count":0,"href":"https:\/\/conseguido.es\/index.php\/wp-json\/wp\/v2\/pages\/418\/revisions"}],"wp:attachment":[{"href":"https:\/\/conseguido.es\/index.php\/wp-json\/wp\/v2\/media?parent=418"}],"curies":[{"name":"wp","href":"https:\/\/api.w.org\/{rel}","templated":true}]}}